{"id":2,"date":"2019-11-26T11:43:26","date_gmt":"2019-11-26T10:43:26","guid":{"rendered":"http:\/\/meulenbergh.de\/?page_id=2"},"modified":"2019-11-26T15:16:38","modified_gmt":"2019-11-26T14:16:38","slug":"beispiel-seite","status":"publish","type":"page","link":"https:\/\/meulenbergh.de\/","title":{"rendered":"Herzlich Willkommen"},"content":{"rendered":"\r\n<p>Ich freue mich, dass Sie unsere Webseite besuchen. An dieser Stelle m\u00f6chte ich Sie auch gerne mit n\u00fctzlichen Informationen rund um mein Leistungsangebot versorgen.<\/p>\r\n<p>Auch f\u00fcr die sogenannten Kleinigkeiten, die in jedem Haushalt anfallen bin ich zu haben. Sollte z. B. nur mal eine neue Lampe zu montieren sein, ein E-Herd anzuschlie\u00dfen sein oder bei der Montage einer neuen K\u00fcche eine Steckdose mal zu versetzen sein, nehmen Sie bitte gerne mit mir telefonischen Kontakt auf.<\/p>\r\n<p>Ich w\u00fcrde mich freuen, von Ihnen zu h\u00f6ren. Bitte lassen Sie mir Ihre W\u00fcnsche wissen. Gerne berate ich Sie auch pers\u00f6nlich&nbsp; ausf\u00fchrlich und schaue mir die genauen Begebenheiten vor Ort mit Ihnen gemeinsam an.<\/p>\r\n<p>Ihr Elektromeister Andre Meulenbergh<br>Elektro Meulenbergh<\/p>\r\n","protected":false},"excerpt":{"rendered":"<p>Ich freue mich, dass Sie unsere Webseite besuchen. An dieser Stelle m\u00f6chte ich Sie auch gerne mit n\u00fctzlichen Informationen rund um mein Leistungsangebot versorgen. Auch f\u00fcr die sogenannten Kleinigkeiten, die in jedem Haushalt anfallen bin ich zu haben. Sollte z. B. nur mal eine neue Lampe zu montieren sein, ein E-Herd anzuschlie\u00dfen sein oder bei [&hellip;]<\/p>\n","protected":false},"author":1,"featured_media":0,"parent":0,"menu_order":0,"comment_status":"closed","ping_status":"open","template":"","meta":{"ngg_post_thumbnail":0},"_links":{"self":[{"href":"https:\/\/meulenbergh.de\/index.php\/wp-json\/wp\/v2\/pages\/2"}],"collection":[{"href":"https:\/\/meulenbergh.de\/index.php\/wp-json\/wp\/v2\/pages"}],"about":[{"href":"https:\/\/meulenbergh.de\/index.php\/wp-json\/wp\/v2\/types\/page"}],"author":[{"embeddable":true,"href":"https:\/\/meulenbergh.de\/index.php\/wp-json\/wp\/v2\/users\/1"}],"replies":[{"embeddable":true,"href":"https:\/\/meulenbergh.de\/index.php\/wp-json\/wp\/v2\/comments?post=2"}],"version-history":[{"count":2,"href":"https:\/\/meulenbergh.de\/index.php\/wp-json\/wp\/v2\/pages\/2\/revisions"}],"predecessor-version":[{"id":26,"href":"https:\/\/meulenbergh.de\/index.php\/wp-json\/wp\/v2\/pages\/2\/revisions\/26"}],"wp:attachment":[{"href":"https:\/\/meulenbergh.de\/index.php\/wp-json\/wp\/v2\/media?parent=2"}],"curies":[{"name":"wp","href":"https:\/\/api.w.org\/{rel}","templated":true}]}}